{"id":23365,"date":"2026-03-23T14:13:10","date_gmt":"2026-03-23T14:13:10","guid":{"rendered":"https:\/\/www.effso.se\/?page_id=23365"},"modified":"2026-03-23T14:52:24","modified_gmt":"2026-03-23T14:52:24","slug":"afterwork-with-effso","status":"publish","type":"page","link":"https:\/\/www.effso.se\/en\/news\/afterwork-with-effso\/","title":{"rendered":"Afterwork with EFFSO"},"content":{"rendered":"","protected":false},"excerpt":{"rendered":"<p>Welcome to an afterwork in Malm\u00f6 on Wednesday May 20th 2026 where we explore how AI is being used in procurement today \u2013 and what it takes to move forward. We open the doors at 16:30 for networking and refreshments. The session starts at 17:00. Address: HighCourt, Malm\u00f6husv\u00e4gen 1 in Malm\u00f6.<\/p>\n","protected":false},"author":3,"featured_media":0,"parent":2842,"menu_order":0,"comment_status":"closed","ping_status":"closed","template":"","meta":{"_acf_changed":false,"_seopress_robots_primary_cat":"","_seopress_titles_title":"Afterwork with EFFSO in Malm\u00f6 on May 20, 2026","_seopress_titles_desc":"Welcome to an afterwork in Malm\u00f6 where we explore how AI is being used in procurement today \u2013 and what it takes to move forward.","_seopress_robots_index":"","content-type":""},"class_list":["post-23365","page","type-page","status-publish","hentry"],"acf":[],"_links":{"self":[{"href":"https:\/\/www.effso.se\/en\/wp-json\/wp\/v2\/pages\/23365","targetHints":{"allow":["GET"]}}],"collection":[{"href":"https:\/\/www.effso.se\/en\/wp-json\/wp\/v2\/pages"}],"about":[{"href":"https:\/\/www.effso.se\/en\/wp-json\/wp\/v2\/types\/page"}],"author":[{"embeddable":true,"href":"https:\/\/www.effso.se\/en\/wp-json\/wp\/v2\/users\/3"}],"replies":[{"embeddable":true,"href":"https:\/\/www.effso.se\/en\/wp-json\/wp\/v2\/comments?post=23365"}],"version-history":[{"count":9,"href":"https:\/\/www.effso.se\/en\/wp-json\/wp\/v2\/pages\/23365\/revisions"}],"predecessor-version":[{"id":23378,"href":"https:\/\/www.effso.se\/en\/wp-json\/wp\/v2\/pages\/23365\/revisions\/23378"}],"up":[{"embeddable":true,"href":"https:\/\/www.effso.se\/en\/wp-json\/wp\/v2\/pages\/2842"}],"wp:attachment":[{"href":"https:\/\/www.effso.se\/en\/wp-json\/wp\/v2\/media?parent=23365"}],"curies":[{"name":"wp","href":"https:\/\/api.w.org\/{rel}","templated":true}]}}